{"id":1208,"date":"2023-09-24T14:47:14","date_gmt":"2023-09-24T12:47:14","guid":{"rendered":"https:\/\/www.gralbet.com.pl\/apie-imone\/"},"modified":"2024-07-16T14:45:41","modified_gmt":"2024-07-16T12:45:41","slug":"apie-imone","status":"publish","type":"page","link":"https:\/\/www.gralbet.com.pl\/lt\/apie-imone\/","title":{"rendered":"Apie \u012fmon\u0119"},"content":{"rendered":"\t\t<div data-elementor-type=\"wp-page\" data-elementor-id=\"1208\" class=\"elementor elementor-1208 elementor-218\" data-elementor-post-type=\"page\">\n\t\t\t\t\t\t<section class=\"elementor-section elementor-top-section elementor-element elementor-element-9a6426d elementor-section-height-min-height elementor-section-boxed elementor-section-height-default elementor-section-items-middle elementor-invisible\" data-id=\"9a6426d\" data-element_type=\"section\" data-e-type=\"section\" data-settings=\"{&quot;jet_parallax_layout_list&quot;:[],&quot;background_background&quot;:&quot;classic&quot;,&quot;animation&quot;:&quot;fadeIn&quot;}\">\n\t\t\t\t\t\t\t<div class=\"elementor-background-overlay\"><\/div>\n\t\t\t\t\t\t\t<div class=\"elementor-container elementor-column-gap-default\">\n\t\t\t\t\t<div class=\"elementor-column elementor-col-50 elementor-top-column elementor-element elementor-element-f1799cf\" data-id=\"f1799cf\" data-element_type=\"column\" data-e-type=\"column\">\n\t\t\t<div class=\"elementor-widget-wrap elementor-element-populated\">\n\t\t\t\t\t\t<div class=\"elementor-element elementor-element-2eb3828 elementor-widget elementor-widget-heading\" data-id=\"2eb3828\" data-element_type=\"widget\" data-e-type=\"widget\" data-widget_type=\"heading.default\">\n\t\t\t\t<div class=\"elementor-widget-container\">\n\t\t\t\t\t<h1 class=\"elementor-heading-title elementor-size-default\">Apie mus<\/h1>\t\t\t\t<\/div>\n\t\t\t\t<\/div>\n\t\t\t\t<div class=\"elementor-element elementor-element-dadba80 elementor-widget elementor-widget-text-editor\" data-id=\"dadba80\" data-element_type=\"widget\" data-e-type=\"widget\" data-widget_type=\"text-editor.default\">\n\t\t\t\t<div class=\"elementor-widget-container\">\n\t\t\t\t\t\t\t\t\t<p>Esame vienas did\u017eiausi\u0173 gamyklini\u0173 betonini\u0173 gamini\u0173 gamintoj\u0173 Lenkijoje ir pas mus dirba beveik 250 \u017emoni\u0173. Did\u017eiuojam\u0117s gal\u0117dami pasigirti auk\u0161tos kvalifikacijos vadov\u0173, in\u017einieri\u0173 komanda, laboratorij\u0173 ir tyrim\u0173 veikimu.<\/p>\n\t\t\t\t\t\t\t\t<\/div>\n\t\t\t\t<\/div>\n\t\t\t\t\t<\/div>\n\t\t<\/div>\n\t\t\t\t<div class=\"elementor-column elementor-col-50 elementor-top-column elementor-element elementor-element-081d51f\" data-id=\"081d51f\" data-element_type=\"column\" data-e-type=\"column\">\n\t\t\t<div class=\"elementor-widget-wrap\">\n\t\t\t\t\t\t\t<\/div>\n\t\t<\/div>\n\t\t\t\t\t<\/div>\n\t\t<\/section>\n\t\t\t\t<section class=\"elementor-section elementor-top-section elementor-element elementor-element-1d6ee2c elementor-section-boxed elementor-section-height-default elementor-section-height-default\" data-id=\"1d6ee2c\" data-element_type=\"section\" data-e-type=\"section\" data-settings=\"{&quot;jet_parallax_layout_list&quot;:[]}\">\n\t\t\t\t\t\t<div class=\"elementor-container elementor-column-gap-default\">\n\t\t\t\t\t<div class=\"elementor-column elementor-col-50 elementor-top-column elementor-element elementor-element-6699f45\" data-id=\"6699f45\" data-element_type=\"column\" data-e-type=\"column\">\n\t\t\t<div class=\"elementor-widget-wrap elementor-element-populated\">\n\t\t\t\t\t\t<section class=\"elementor-section elementor-inner-section elementor-element elementor-element-7c3ce53 elementor-section-boxed elementor-section-height-default elementor-section-height-default\" data-id=\"7c3ce53\" data-element_type=\"section\" data-e-type=\"section\" data-settings=\"{&quot;jet_parallax_layout_list&quot;:[]}\">\n\t\t\t\t\t\t<div class=\"elementor-container elementor-column-gap-default\">\n\t\t\t\t\t<div class=\"elementor-column elementor-col-50 elementor-inner-column elementor-element elementor-element-766fe8e\" data-id=\"766fe8e\" data-element_type=\"column\" data-e-type=\"column\">\n\t\t\t<div class=\"elementor-widget-wrap elementor-element-populated\">\n\t\t\t\t\t\t<div class=\"elementor-element elementor-element-cb8d299 elementor-widget__width-auto elementor-widget elementor-widget-counter\" data-id=\"cb8d299\" data-element_type=\"widget\" data-e-type=\"widget\" data-widget_type=\"counter.default\">\n\t\t\t\t<div class=\"elementor-widget-container\">\n\t\t\t\t\t\t\t<div class=\"elementor-counter\">\n\t\t\t\t\t\t<div class=\"elementor-counter-number-wrapper\">\n\t\t\t\t<span class=\"elementor-counter-number-prefix\"><\/span>\n\t\t\t\t<span class=\"elementor-counter-number\" data-duration=\"2000\" data-to-value=\"31\" data-from-value=\"0\" data-delimiter=\",\">0<\/span>\n\t\t\t\t<span class=\"elementor-counter-number-suffix\"><\/span>\n\t\t\t<\/div>\n\t\t<\/div>\n\t\t\t\t\t\t<\/div>\n\t\t\t\t<\/div>\n\t\t\t\t<div class=\"elementor-element elementor-element-1abdf38 elementor-widget elementor-widget-heading\" data-id=\"1abdf38\" data-element_type=\"widget\" data-e-type=\"widget\" data-widget_type=\"heading.default\">\n\t\t\t\t<div class=\"elementor-widget-container\">\n\t\t\t\t\t<h2 class=\"elementor-heading-title elementor-size-default\">Daugiau nei 31 met\u0173 patirties<\/h2>\t\t\t\t<\/div>\n\t\t\t\t<\/div>\n\t\t\t\t\t<\/div>\n\t\t<\/div>\n\t\t\t\t<div class=\"elementor-column elementor-col-50 elementor-inner-column elementor-element elementor-element-da90037\" data-id=\"da90037\" data-element_type=\"column\" data-e-type=\"column\">\n\t\t\t<div class=\"elementor-widget-wrap\">\n\t\t\t\t\t\t\t<\/div>\n\t\t<\/div>\n\t\t\t\t\t<\/div>\n\t\t<\/section>\n\t\t\t\t\t<\/div>\n\t\t<\/div>\n\t\t\t\t<div class=\"elementor-column elementor-col-50 elementor-top-column elementor-element elementor-element-0bb83d7\" data-id=\"0bb83d7\" data-element_type=\"column\" data-e-type=\"column\">\n\t\t\t<div class=\"elementor-widget-wrap elementor-element-populated\">\n\t\t\t\t\t\t<div class=\"elementor-element elementor-element-5320091 elementor-widget elementor-widget-text-editor\" data-id=\"5320091\" data-element_type=\"widget\" data-e-type=\"widget\" data-widget_type=\"text-editor.default\">\n\t\t\t\t<div class=\"elementor-widget-container\">\n\t\t\t\t\t\t\t\t\t<p>Mus I\u0161skiria atkaklus tiksl\u0173 siekimas, \u012fskaitant nuolatin\u012f gamini\u0173 kokyb\u0117s gerinim\u0105.<\/p>\n\t\t\t\t\t\t\t\t<\/div>\n\t\t\t\t<\/div>\n\t\t\t\t<div class=\"elementor-element elementor-element-53e15e1 elementor-widget elementor-widget-text-editor\" data-id=\"53e15e1\" data-element_type=\"widget\" data-e-type=\"widget\" data-widget_type=\"text-editor.default\">\n\t\t\t\t<div class=\"elementor-widget-container\">\n\t\t\t\t\t\t\t\t\t<p>\u0160ie tikslai pasiekiami u\u017emezgant bendradarbiavim\u0105 su stabilaus kokyb\u0117s lygio ir m\u016bs\u0173 klient\u0173 reikalavimus atitinkan\u010diais tiek\u0117jais bei sistemingai mokantis nauj\u0173 gamybos technologij\u0173 srityje.<br \/>Nuolatinis bendravimo su klientu gerinimas ir jo pasitenkinimo m\u016bs\u0173 gaminama gamyba bei bendradarbiavimo su m\u016bs\u0173 \u012fmone tikrinimas suteikia pagrind\u0105 nuolatiniam tobul\u0117jimui ir kokyb\u0117s derinimui prie nuolatini\u0173 ir potenciali\u0173 klient\u0173 reikalavim\u0173.<br \/>Did\u017eiuojam\u0117s savo pasiekimais ir esame visada pasiruo\u0161\u0119 naujiems i\u0161\u0161\u016bkiams.<\/p>\n\t\t\t\t\t\t\t\t<\/div>\n\t\t\t\t<\/div>\n\t\t\t\t\t<\/div>\n\t\t<\/div>\n\t\t\t\t\t<\/div>\n\t\t<\/section>\n\t\t\t\t<section class=\"elementor-section elementor-top-section elementor-element elementor-element-dde2f67 elementor-reverse-mobile elementor-section-boxed elementor-section-height-default elementor-section-height-default\" data-id=\"dde2f67\" data-element_type=\"section\" data-e-type=\"section\" data-settings=\"{&quot;jet_parallax_layout_list&quot;:[]}\">\n\t\t\t\t\t\t<div class=\"elementor-container elementor-column-gap-default\">\n\t\t\t\t\t<div class=\"elementor-column elementor-col-50 elementor-top-column elementor-element elementor-element-8ec9bbf\" data-id=\"8ec9bbf\" data-element_type=\"column\" data-e-type=\"column\">\n\t\t\t<div class=\"elementor-widget-wrap elementor-element-populated\">\n\t\t\t\t\t\t<div class=\"elementor-element elementor-element-8e21fd5 elementor-widget elementor-widget-heading\" data-id=\"8e21fd5\" data-element_type=\"widget\" data-e-type=\"widget\" data-widget_type=\"heading.default\">\n\t\t\t\t<div class=\"elementor-widget-container\">\n\t\t\t\t\t<h2 class=\"elementor-heading-title elementor-size-default\">Vieta<\/h2>\t\t\t\t<\/div>\n\t\t\t\t<\/div>\n\t\t\t\t<div class=\"elementor-element elementor-element-bd460b6 elementor-widget elementor-widget-text-editor\" data-id=\"bd460b6\" data-element_type=\"widget\" data-e-type=\"widget\" data-widget_type=\"text-editor.default\">\n\t\t\t\t<div class=\"elementor-widget-container\">\n\t\t\t\t\t\t\t\t\t<p>Gamykla yra Varmijos Moz\u016br\u0173 vaivadijos teritorijoje, netoli Dzialdovo. U\u017eima 160 t\u016bkst. m2 plot\u0105, i\u0161 kuri\u0173 25 t\u016bkst. m2 gamybos angar\u0173. Gamybos angaruose pagaminti gamykliniai betoniniai gaminiai yra laikomi gatav\u0173 gamini\u0173 sand\u0117lyje, kurio plotas 20000 t\u016bkst. m2.<\/p>\n\t\t\t\t\t\t\t\t<\/div>\n\t\t\t\t<\/div>\n\t\t\t\t\t<\/div>\n\t\t<\/div>\n\t\t\t\t<div class=\"elementor-column elementor-col-50 elementor-top-column elementor-element elementor-element-f14ddcd\" data-id=\"f14ddcd\" data-element_type=\"column\" data-e-type=\"column\">\n\t\t\t<div class=\"elementor-widget-wrap elementor-element-populated\">\n\t\t\t\t\t\t<div class=\"elementor-element elementor-element-f0c4c62 elementor-widget elementor-widget-image\" data-id=\"f0c4c62\" data-element_type=\"widget\" data-e-type=\"widget\" data-settings=\"{&quot;motion_fx_motion_fx_scrolling&quot;:&quot;yes&quot;,&quot;motion_fx_translateY_effect&quot;:&quot;yes&quot;,&quot;motion_fx_translateY_speed&quot;:{&quot;unit&quot;:&quot;px&quot;,&quot;size&quot;:1,&quot;sizes&quot;:[]},&quot;motion_fx_devices&quot;:[&quot;desktop&quot;,&quot;tablet&quot;],&quot;motion_fx_translateY_affectedRange&quot;:{&quot;unit&quot;:&quot;%&quot;,&quot;size&quot;:&quot;&quot;,&quot;sizes&quot;:{&quot;start&quot;:0,&quot;end&quot;:100}}}\" data-widget_type=\"image.default\">\n\t\t\t\t<div class=\"elementor-widget-container\">\n\t\t\t\t\t\t\t\t\t\t\t\t\t\t\t<img fetchpriority=\"high\" decoding=\"async\" width=\"1920\" height=\"1280\" src=\"https:\/\/www.gralbet.com.pl\/wp-content\/uploads\/2023\/10\/oostarteroo-5NdBqSjuvzY-unsplash.jpg\" class=\"attachment-full size-full wp-image-893\" alt=\"\" srcset=\"https:\/\/www.gralbet.com.pl\/wp-content\/uploads\/2023\/10\/oostarteroo-5NdBqSjuvzY-unsplash.jpg 1920w, https:\/\/www.gralbet.com.pl\/wp-content\/uploads\/2023\/10\/oostarteroo-5NdBqSjuvzY-unsplash-300x200.jpg 300w, https:\/\/www.gralbet.com.pl\/wp-content\/uploads\/2023\/10\/oostarteroo-5NdBqSjuvzY-unsplash-1024x683.jpg 1024w, https:\/\/www.gralbet.com.pl\/wp-content\/uploads\/2023\/10\/oostarteroo-5NdBqSjuvzY-unsplash-768x512.jpg 768w, https:\/\/www.gralbet.com.pl\/wp-content\/uploads\/2023\/10\/oostarteroo-5NdBqSjuvzY-unsplash-1536x1024.jpg 1536w\" sizes=\"(max-width: 1920px) 100vw, 1920px\" \/>\t\t\t\t\t\t\t\t\t\t\t\t\t\t\t<\/div>\n\t\t\t\t<\/div>\n\t\t\t\t\t<\/div>\n\t\t<\/div>\n\t\t\t\t\t<\/div>\n\t\t<\/section>\n\t\t\t\t<section class=\"elementor-section elementor-top-section elementor-element elementor-element-6a9b155 elementor-section-height-min-height elementor-section-boxed elementor-section-height-default elementor-section-items-middle\" data-id=\"6a9b155\" data-element_type=\"section\" data-e-type=\"section\" data-settings=\"{&quot;jet_parallax_layout_list&quot;:[],&quot;background_background&quot;:&quot;classic&quot;}\">\n\t\t\t\t\t\t\t<div class=\"elementor-background-overlay\"><\/div>\n\t\t\t\t\t\t\t<div class=\"elementor-container elementor-column-gap-default\">\n\t\t\t\t\t<div class=\"elementor-column elementor-col-100 elementor-top-column elementor-element elementor-element-9b62818\" data-id=\"9b62818\" data-element_type=\"column\" data-e-type=\"column\">\n\t\t\t<div class=\"elementor-widget-wrap elementor-element-populated\">\n\t\t\t\t\t\t<div class=\"elementor-element elementor-element-3b78bb4 elementor-widget elementor-widget-heading\" data-id=\"3b78bb4\" data-element_type=\"widget\" data-e-type=\"widget\" data-widget_type=\"heading.default\">\n\t\t\t\t<div class=\"elementor-widget-container\">\n\t\t\t\t\t<h2 class=\"elementor-heading-title elementor-size-default\">M\u016bs\u0173 vertyb\u0117s<\/h2>\t\t\t\t<\/div>\n\t\t\t\t<\/div>\n\t\t\t\t<div class=\"elementor-element elementor-element-483cf64 elementor-widget elementor-widget-text-editor\" data-id=\"483cf64\" data-element_type=\"widget\" data-e-type=\"widget\" data-widget_type=\"text-editor.default\">\n\t\t\t\t<div class=\"elementor-widget-container\">\n\t\t\t\t\t\t\t\t\t<p>Vertyb\u0117s, kuriomis vadovaujam\u0117s kasdieniame gyvenime, sukuria nuosekli\u0105 ir tvarking\u0105 po\u017ei\u016bri\u0173 ir elgesio sistem\u0105, kuri leid\u017eia mums jausti pasitenkinim\u0105 atliekama veikla ir tuo pa\u010diu i\u0161siskirti i\u0161 konkurent\u0173. Nuolat palaikome savo darbuotojus siekiant pasitenkinimo ir savirealizacijos. Tod\u0117l rengiame technini\u0173 \u017eini\u0173 bei bendravimo \u012fg\u016bd\u017ei\u0173 mokymus. <\/p>\n\t\t\t\t\t\t\t\t<\/div>\n\t\t\t\t<\/div>\n\t\t\t\t<div class=\"elementor-element elementor-element-7bed79b elementor-widget elementor-widget-heading\" data-id=\"7bed79b\" data-element_type=\"widget\" data-e-type=\"widget\" data-widget_type=\"heading.default\">\n\t\t\t\t<div class=\"elementor-widget-container\">\n\t\t\t\t\t<h2 class=\"elementor-heading-title elementor-size-default\">Dirbame kartu siekdami bendros s\u0117km\u0117s.<\/h2>\t\t\t\t<\/div>\n\t\t\t\t<\/div>\n\t\t\t\t\t<\/div>\n\t\t<\/div>\n\t\t\t\t\t<\/div>\n\t\t<\/section>\n\t\t\t\t<section class=\"elementor-section elementor-top-section elementor-element elementor-element-6bfca0c elementor-reverse-mobile elementor-section-boxed elementor-section-height-default elementor-section-height-default\" data-id=\"6bfca0c\" data-element_type=\"section\" data-e-type=\"section\" data-settings=\"{&quot;jet_parallax_layout_list&quot;:[]}\">\n\t\t\t\t\t\t<div class=\"elementor-container elementor-column-gap-default\">\n\t\t\t\t\t<div class=\"elementor-column elementor-col-50 elementor-top-column elementor-element elementor-element-db16aee\" data-id=\"db16aee\" data-element_type=\"column\" data-e-type=\"column\">\n\t\t\t<div class=\"elementor-widget-wrap elementor-element-populated\">\n\t\t\t\t\t\t<div class=\"elementor-element elementor-element-d52e454 elementor-widget elementor-widget-image\" data-id=\"d52e454\" data-element_type=\"widget\" data-e-type=\"widget\" data-settings=\"{&quot;motion_fx_motion_fx_scrolling&quot;:&quot;yes&quot;,&quot;motion_fx_translateY_effect&quot;:&quot;yes&quot;,&quot;motion_fx_translateY_direction&quot;:&quot;negative&quot;,&quot;motion_fx_translateY_speed&quot;:{&quot;unit&quot;:&quot;px&quot;,&quot;size&quot;:1,&quot;sizes&quot;:[]},&quot;motion_fx_devices&quot;:[&quot;desktop&quot;,&quot;tablet&quot;],&quot;motion_fx_translateY_affectedRange&quot;:{&quot;unit&quot;:&quot;%&quot;,&quot;size&quot;:&quot;&quot;,&quot;sizes&quot;:{&quot;start&quot;:0,&quot;end&quot;:100}}}\" data-widget_type=\"image.default\">\n\t\t\t\t<div class=\"elementor-widget-container\">\n\t\t\t\t\t\t\t\t\t\t\t\t\t\t\t<img decoding=\"async\" width=\"1920\" height=\"1280\" src=\"https:\/\/www.gralbet.com.pl\/wp-content\/uploads\/2023\/09\/belki-WBS.jpeg\" class=\"attachment-full size-full wp-image-579\" alt=\"\" srcset=\"https:\/\/www.gralbet.com.pl\/wp-content\/uploads\/2023\/09\/belki-WBS.jpeg 1920w, https:\/\/www.gralbet.com.pl\/wp-content\/uploads\/2023\/09\/belki-WBS-300x200.jpeg 300w, https:\/\/www.gralbet.com.pl\/wp-content\/uploads\/2023\/09\/belki-WBS-1024x683.jpeg 1024w, https:\/\/www.gralbet.com.pl\/wp-content\/uploads\/2023\/09\/belki-WBS-768x512.jpeg 768w, https:\/\/www.gralbet.com.pl\/wp-content\/uploads\/2023\/09\/belki-WBS-1536x1024.jpeg 1536w\" sizes=\"(max-width: 1920px) 100vw, 1920px\" \/>\t\t\t\t\t\t\t\t\t\t\t\t\t\t\t<\/div>\n\t\t\t\t<\/div>\n\t\t\t\t\t<\/div>\n\t\t<\/div>\n\t\t\t\t<div class=\"elementor-column elementor-col-50 elementor-top-column elementor-element elementor-element-4693684\" data-id=\"4693684\" data-element_type=\"column\" data-e-type=\"column\">\n\t\t\t<div class=\"elementor-widget-wrap elementor-element-populated\">\n\t\t\t\t\t\t<div class=\"elementor-element elementor-element-0443345 elementor-widget elementor-widget-heading\" data-id=\"0443345\" data-element_type=\"widget\" data-e-type=\"widget\" data-widget_type=\"heading.default\">\n\t\t\t\t<div class=\"elementor-widget-container\">\n\t\t\t\t\t<h2 class=\"elementor-heading-title elementor-size-default\">Patirtis<\/h2>\t\t\t\t<\/div>\n\t\t\t\t<\/div>\n\t\t\t\t<div class=\"elementor-element elementor-element-ae13d5d elementor-widget elementor-widget-text-editor\" data-id=\"ae13d5d\" data-element_type=\"widget\" data-e-type=\"widget\" data-widget_type=\"text-editor.default\">\n\t\t\t\t<div class=\"elementor-widget-container\">\n\t\t\t\t\t\t\t\t\t<p>Daugiau nei 30 met\u0173 specializuojam\u0117s gamyklini\u0173 betonini\u0173 gamini\u0173 gamyboje, taip pat teikiame kompleksinius sprendimus statyb\u0173 pramon\u0117je, pavyzd\u017eiui, projektavimo, transportavimo ir surinkimo srityse. Daugelis prekybos centr\u0173, sand\u0117li\u0173 angar\u0173, tilto konstrukcij\u0173 ir kit\u0173 buvo pastatyti \u0161alies teritorijoje bei u\u017esienyje naudojant m\u016bs\u0173 gamyklinius betoninius gaminius. Daugum\u0105 vis\u0173 gamyklini\u0173 betonini\u0173 gamini\u0173 ir element\u0173 gaminame pagal individualius u\u017esakymus.<\/p>\n\t\t\t\t\t\t\t\t<\/div>\n\t\t\t\t<\/div>\n\t\t\t\t\t<\/div>\n\t\t<\/div>\n\t\t\t\t\t<\/div>\n\t\t<\/section>\n\t\t\t\t<\/div>\n\t\t","protected":false},"excerpt":{"rendered":"<p>Apie mus Esame vienas did\u017eiausi\u0173 gamyklini\u0173 betonini\u0173 gamini\u0173 gamintoj\u0173 Lenkijoje ir pas mus dirba beveik 250 \u017emoni\u0173. Did\u017eiuojam\u0117s gal\u0117dami pasigirti auk\u0161tos kvalifikacijos vadov\u0173, in\u017einieri\u0173 komanda, laboratorij\u0173 ir tyrim\u0173 veikimu. 0 Daugiau nei 31 met\u0173 patirties Mus I\u0161skiria atkaklus tiksl\u0173 siekimas, \u012fskaitant nuolatin\u012f gamini\u0173 kokyb\u0117s gerinim\u0105. \u0160ie tikslai pasiekiami u\u017emezgant bendradarbiavim\u0105 su stabilaus kokyb\u0117s lygio ir [&hellip;]<\/p>\n","protected":false},"author":3,"featured_media":0,"parent":0,"menu_order":0,"comment_status":"closed","ping_status":"closed","template":"","meta":{"footnotes":""},"class_list":["post-1208","page","type-page","status-publish","hentry"],"_links":{"self":[{"href":"https:\/\/www.gralbet.com.pl\/lt\/wp-json\/wp\/v2\/pages\/1208","targetHints":{"allow":["GET"]}}],"collection":[{"href":"https:\/\/www.gralbet.com.pl\/lt\/wp-json\/wp\/v2\/pages"}],"about":[{"href":"https:\/\/www.gralbet.com.pl\/lt\/wp-json\/wp\/v2\/types\/page"}],"author":[{"embeddable":true,"href":"https:\/\/www.gralbet.com.pl\/lt\/wp-json\/wp\/v2\/users\/3"}],"replies":[{"embeddable":true,"href":"https:\/\/www.gralbet.com.pl\/lt\/wp-json\/wp\/v2\/comments?post=1208"}],"version-history":[{"count":1,"href":"https:\/\/www.gralbet.com.pl\/lt\/wp-json\/wp\/v2\/pages\/1208\/revisions"}],"predecessor-version":[{"id":1209,"href":"https:\/\/www.gralbet.com.pl\/lt\/wp-json\/wp\/v2\/pages\/1208\/revisions\/1209"}],"wp:attachment":[{"href":"https:\/\/www.gralbet.com.pl\/lt\/wp-json\/wp\/v2\/media?parent=1208"}],"curies":[{"name":"wp","href":"https:\/\/api.w.org\/{rel}","templated":true}]}}