{"id":1228,"date":"2022-08-10T11:45:02","date_gmt":"2022-08-10T09:45:02","guid":{"rendered":"https:\/\/www.gralbet.com.pl\/privatumo-politika\/"},"modified":"2024-07-16T17:24:38","modified_gmt":"2024-07-16T15:24:38","slug":"privatumo-politika","status":"publish","type":"page","link":"https:\/\/www.gralbet.com.pl\/lt\/privatumo-politika\/","title":{"rendered":"Privatumo politika"},"content":{"rendered":"\t\t<div data-elementor-type=\"wp-page\" data-elementor-id=\"1228\" class=\"elementor elementor-1228 elementor-46\" data-elementor-post-type=\"page\">\n\t\t\t\t\t\t<section class=\"elementor-section elementor-top-section elementor-element elementor-element-452728e5 elementor-section-boxed elementor-section-height-default elementor-section-height-default\" data-id=\"452728e5\" data-element_type=\"section\" data-e-type=\"section\" data-settings=\"{&quot;jet_parallax_layout_list&quot;:[]}\">\n\t\t\t\t\t\t<div class=\"elementor-container elementor-column-gap-default\">\n\t\t\t\t\t<div class=\"elementor-column elementor-col-100 elementor-top-column elementor-element elementor-element-40f87219\" data-id=\"40f87219\" data-element_type=\"column\" data-e-type=\"column\">\n\t\t\t<div class=\"elementor-widget-wrap elementor-element-populated\">\n\t\t\t\t\t\t<div class=\"elementor-element elementor-element-69082a4d elementor-widget elementor-widget-heading\" data-id=\"69082a4d\" data-element_type=\"widget\" data-e-type=\"widget\" data-widget_type=\"heading.default\">\n\t\t\t\t<div class=\"elementor-widget-container\">\n\t\t\t\t\t<h2 class=\"elementor-heading-title elementor-size-default\">Privatumo politika<\/h2>\t\t\t\t<\/div>\n\t\t\t\t<\/div>\n\t\t\t\t<div class=\"elementor-element elementor-element-2730b20e elementor-widget elementor-widget-text-editor\" data-id=\"2730b20e\" data-element_type=\"widget\" data-e-type=\"widget\" data-widget_type=\"text-editor.default\">\n\t\t\t\t<div class=\"elementor-widget-container\">\n\t\t\t\t\t\t\t\t\t<p style=\"text-align: center;\"><strong>Kas yra slapukai?<\/strong><\/p>\n<p>\u201eCookies\u201c, lietuvi\u0173 kalba vadinami slapukais, yra tekstiniai failai. Juos automati\u0161kai sukuria \u017einiatinklio nar\u0161ykl\u0117s, lankomasi ir naudojamasi svetain\u0117mis. Jie siun\u010diami i\u0161 svetain\u0117s ir saugomi naudotojo \u012frenginyje. Slapuk\u0173 gautus duomenis gali perskaityti tik slapuk\u0105 suk\u016brusi svetain\u0117, t. y. gralbet.com.pl. Svetain\u0117 neturi prieigos prie slapuk\u0173, kuri\u0173 ji pati nesuk\u016br\u0117 ir prie kuri\u0173 prieiga nebuvo suteikta.    <\/p>\n<p>Slapukai naudojami tam, kad naudotojui b\u016bt\u0173 lengviau naudotis svetaine arba kad svetain\u0117 pritaikyt\u0173 nauding\u0105 turin\u012f.<\/p>\n<p style=\"text-align: center;\"><strong>Kas yra J\u016bs\u0173 duomen\u0173 administratorius?<\/strong><\/p>\n<p>J\u016bs\u0173 asmens duomen\u0173 administratorius yra \u201ePrzedsi\u0119biorstwo Produkcyjno-Handlowe GRALBET\u201c Sp. z o.o., \u012fsteigta Uzdove (adresas: Gralewo Stacja 194, 13-214 Uzdovas), \u012fra\u0161yta \u012f Nacionalinio teism\u0173 registr\u0105 \u2013 <strong>Mokes\u010di\u0173 mok\u0117tojo kodas<\/strong>: 5710002778, \u012fmon\u0117s registracijos numeris (<strong>REGON<\/strong>): 130018232 <\/p>\n<p style=\"text-align: center;\"><strong>\u201ePrzedsi\u0119biorstwo Produkcyjno-Handlowe GRALBET\u201c Sp. z o.o. slapuk\u0173 naudojimo paskirtis: <\/strong><\/p>\n<p style=\"text-align: left;\">Techniniai slapukai:<\/p>\n<p>&#8211; u\u017etikrina tinkam\u0105 svetain\u0117s veikim\u0105<br \/>&#8211; IP adresas<br \/>&#8211; svetain\u0117je praleistas laikas<br \/>&#8211; vieta, i\u0161 kurios buvo prisijungta prie svetain\u0117s<br \/>\u2013 \u012frenginys, kuris naudojamas norint patekti \u012f svetain\u0119<br \/>&#8211; priimti sprendimai<br \/>&#8211; prisiminimui, ar duotas sutikimas atsisi\u0173sti slapukus<\/p>\n<p>J\u0173 veiksmai grind\u017eiami teis\u0117tais verslininko interesais.<\/p>\n<p>Reklaminiai slapukai:<\/p>\n<p>&#8211; Rinkodaros tikslais naudojame \u201eGoogle\u201c \u012fmon\u0117s paslaugas, t. y. \u201eGoogle Ads\u201c<\/p>\n<p>Analitiniai slapukai:<\/p>\n<p>&#8211; Analitiniais tikslais naudojame \u201eGoogle\u201c \u012fmon\u0117s paslaugas, t. y. \u201eGoogle Analytics\u201c<\/p>\n<p style=\"text-align: center;\"><strong>Slapuk\u0173 laikymo trukm\u0117<\/strong><\/p>\n<p>Sesijos \u2013 saugomi naudojamame \u012frenginyje tol, kol i\u0161einama i\u0161 svetain\u0117s, pvz., i\u0161jungiant interneto nar\u0161ykl\u0119<\/p>\n<p>Nuolatiniai \u2013 egzistuoja tol, kol jie i\u0161trinami rankiniu b\u016bdu arba kol praeina tam tikras laikas nar\u0161ykl\u0117je<\/p>\n<p style=\"text-align: center;\"><strong>Renkam\u0173 duomen\u0173 tipas<\/strong><\/p>\n<p>Juos sudaro:<br \/>&#8211; IP adresas<br \/>&#8211; \u012erenginio tipas<br \/>&#8211; Operacin\u0117 sistema<br \/>&#8211; Svetain\u0117je praleistas laikas<br \/>&#8211; Atlikti veiksmai<\/p>\n<p style=\"text-align: center;\"><strong>Kokius duomenis siun\u010diame kitiems subjektams?<\/strong><\/p>\n<p>\u2013 IP adres\u0105<\/p>\n<p style=\"text-align: center;\"><strong>Sutikimo at\u0161aukimo b\u016bdas<\/strong><\/p>\n<p>Kai kuriuos slapukus nar\u0161ykl\u0117 atsisiun\u010dia, kai lankomasi interneto svetain\u0117je. Norint u\u017eblokuoti slapuk\u0173 atsisiuntim\u0105, b\u016btina naudoti b\u016bd\u0105, skirt\u0105 savo nar\u0161yklei:<\/p>\n<ul>\n<li><a href=\"https:\/\/support.mozilla.org\/pl\/kb\/blokowanie-ciasteczek\">Firefox<\/a><\/li>\n<li><a href=\"https:\/\/support.google.com\/chrome\/#topic=7438008\">Chrome<\/a><\/li>\n<li><a href=\"https:\/\/support.microsoft.com\/pl-pl\/products\/windows\">Microsoft Edge<\/a><\/li>\n<li><a href=\"https:\/\/help.opera.com\/Windows\/12.10\/pl\/cookies.html\">Opera<\/a><\/li>\n<li><a href=\"https:\/\/support.apple.com\/kb\/PH19214?viewlocale=pl_PL&amp;locale=pl_PL\">Safari<\/a><\/li>\n<\/ul>\n<p>Jei nepavyks i\u0161saugoti ir (arba) nuskaityti slapuk\u0173, svetain\u0117 gali veikti nepilnai ir neteisingai, ta\u010diau naudotis svetaine vis tiek bus galima.<\/p>\n<p style=\"text-align: center;\"><strong>Kita su duomen\u0173 tvarkymu susijusi informacija<\/strong><\/p>\n<p>Visais klausimais, susijusiais su m\u016bs\u0173 politika, galima kreiptis nurodytu el. pa\u0161to adresu: gralbet@gralbet.com.pl<\/p>\n<p>Be to, informacij\u0105 apie duomen\u0173 administratori\u0173 ir subjekt\u0173 teises galima rasti nurodytu adresu: https:\/\/www.gralbet.com.pl\/lt\/privatumo-politika\/<\/p>\n<p>Jei pa\u017eeid\u017eiami duomen\u0173 apsaugos teis\u0117s aktai, turite teis\u0119 pateikti skund\u0105 <a href=\"https:\/\/uodo.gov.pl\/\">Duomen\u0173 apsaugos institucijos pirmininkui<\/a>.<\/p>\n\t\t\t\t\t\t\t\t<\/div>\n\t\t\t\t<\/div>\n\t\t\t\t\t<\/div>\n\t\t<\/div>\n\t\t\t\t\t<\/div>\n\t\t<\/section>\n\t\t\t\t<\/div>\n\t\t","protected":false},"excerpt":{"rendered":"<p>Privatumo politika Kas yra slapukai? \u201eCookies\u201c, lietuvi\u0173 kalba vadinami slapukais, yra tekstiniai failai. Juos automati\u0161kai sukuria \u017einiatinklio nar\u0161ykl\u0117s, lankomasi ir naudojamasi svetain\u0117mis. Jie siun\u010diami i\u0161 svetain\u0117s ir saugomi naudotojo \u012frenginyje. Slapuk\u0173 gautus duomenis gali perskaityti tik slapuk\u0105 suk\u016brusi svetain\u0117, t. y. gralbet.com.pl. Svetain\u0117 neturi prieigos prie slapuk\u0173, kuri\u0173 ji pati nesuk\u016br\u0117 ir prie kuri\u0173 prieiga [&hellip;]<\/p>\n","protected":false},"author":1,"featured_media":0,"parent":0,"menu_order":0,"comment_status":"closed","ping_status":"closed","template":"","meta":{"footnotes":""},"class_list":["post-1228","page","type-page","status-publish","hentry"],"_links":{"self":[{"href":"https:\/\/www.gralbet.com.pl\/lt\/wp-json\/wp\/v2\/pages\/1228","targetHints":{"allow":["GET"]}}],"collection":[{"href":"https:\/\/www.gralbet.com.pl\/lt\/wp-json\/wp\/v2\/pages"}],"about":[{"href":"https:\/\/www.gralbet.com.pl\/lt\/wp-json\/wp\/v2\/types\/page"}],"author":[{"embeddable":true,"href":"https:\/\/www.gralbet.com.pl\/lt\/wp-json\/wp\/v2\/users\/1"}],"replies":[{"embeddable":true,"href":"https:\/\/www.gralbet.com.pl\/lt\/wp-json\/wp\/v2\/comments?post=1228"}],"version-history":[{"count":1,"href":"https:\/\/www.gralbet.com.pl\/lt\/wp-json\/wp\/v2\/pages\/1228\/revisions"}],"predecessor-version":[{"id":1229,"href":"https:\/\/www.gralbet.com.pl\/lt\/wp-json\/wp\/v2\/pages\/1228\/revisions\/1229"}],"wp:attachment":[{"href":"https:\/\/www.gralbet.com.pl\/lt\/wp-json\/wp\/v2\/media?parent=1228"}],"curies":[{"name":"wp","href":"https:\/\/api.w.org\/{rel}","templated":true}]}}